{"id":29,"date":"2023-05-05T21:16:10","date_gmt":"2023-05-05T19:16:10","guid":{"rendered":"http:\/\/www.uzebry.cz\/?page_id=29"},"modified":"2023-07-09T16:44:00","modified_gmt":"2023-07-09T14:44:00","slug":"lokalita","status":"publish","type":"page","link":"https:\/\/www.uzebry.cz\/?page_id=29","title":{"rendered":"Lokalita"},"content":{"rendered":"\n<p>B\u00edl\u00e1 T\u0159eme\u0161n\u00e1 je malebn\u00e1 vesnice v bl\u00edzkosti na\u0161ich nejvy\u0161\u0161\u00edch hor. Bezprost\u0159edn\u00ed okol\u00ed je ov\u0161em tak zaj\u00edmav\u00e9, \u017ee krom\u011b horsk\u00e9 t\u00fary z\u0159ejm\u011b budete prozkoum\u00e1vat okruh pouze p\u00e1r kilometr\u016f. V podkrkono\u0161sk\u00e9 krajin\u011b naleznete ZOO Dv\u016fr Kr\u00e1lov\u00e9 nad Labem, barokn\u00ed hospital Kuks a bl\u00edzk\u00fd Betl\u00e9m, babi\u010d\u010dino \u00fadol\u00ed v Ratibo\u0159ic\u00edch, nebo pevnost Josefov. Jen chvilka ch\u016fze sta\u010d\u00ed k n\u00e1v\u0161t\u011bv\u011b poh\u00e1dkov\u00e9 p\u0159ehrady Les Kr\u00e1lovstv\u00ed, nebo p\u011b\u0161\u00ed v\u00fdlet za v\u00fdhledy na vrch Zvi\u010dina.<\/p>\n\n\n\n<p><\/p>\n\n\n\n<figure class=\"wp-block-gallery has-nested-images columns-default is-cropped wp-block-gallery-1 is-layout-flex wp-block-gallery-is-layout-flex\">\n<figure class=\"wp-block-image size-large\"><img loading=\"lazy\" decoding=\"async\" width=\"1024\" height=\"730\" data-id=\"76\" src=\"https:\/\/www.uzebry.cz\/wp-content\/uploads\/2023\/05\/IMG_20211222_103759_otoc-1024x730.png\" alt=\"\" class=\"wp-image-76\" srcset=\"https:\/\/www.uzebry.cz\/wp-content\/uploads\/2023\/05\/IMG_20211222_103759_otoc-1024x730.png 1024w, https:\/\/www.uzebry.cz\/wp-content\/uploads\/2023\/05\/IMG_20211222_103759_otoc-300x214.png 300w, https:\/\/www.uzebry.cz\/wp-content\/uploads\/2023\/05\/IMG_20211222_103759_otoc-768x547.png 768w, https:\/\/www.uzebry.cz\/wp-content\/uploads\/2023\/05\/IMG_20211222_103759_otoc-1536x1095.png 1536w, https:\/\/www.uzebry.cz\/wp-content\/uploads\/2023\/05\/IMG_20211222_103759_otoc-2048x1460.png 2048w\" sizes=\"auto, (max-width: 767px) 89vw, (max-width: 1000px) 54vw, (max-width: 1071px) 543px, 580px\" \/><figcaption class=\"wp-element-caption\">P\u0159ehrada Les Kr\u00e1lovstv\u00ed <\/figcaption><\/figure>\n\n\n\n<figure class=\"wp-block-image size-large\"><img loading=\"lazy\" decoding=\"async\" width=\"1024\" height=\"768\" data-id=\"70\" src=\"https:\/\/www.uzebry.cz\/wp-content\/uploads\/2023\/05\/IMG_20211222_095542-1024x768.jpg\" alt=\"\" class=\"wp-image-70\" srcset=\"https:\/\/www.uzebry.cz\/wp-content\/uploads\/2023\/05\/IMG_20211222_095542-1024x768.jpg 1024w, https:\/\/www.uzebry.cz\/wp-content\/uploads\/2023\/05\/IMG_20211222_095542-300x225.jpg 300w, https:\/\/www.uzebry.cz\/wp-content\/uploads\/2023\/05\/IMG_20211222_095542-768x576.jpg 768w, https:\/\/www.uzebry.cz\/wp-content\/uploads\/2023\/05\/IMG_20211222_095542-1536x1152.jpg 1536w, https:\/\/www.uzebry.cz\/wp-content\/uploads\/2023\/05\/IMG_20211222_095542-2048x1536.jpg 2048w\" sizes=\"auto, (max-width: 767px) 89vw, (max-width: 1000px) 54vw, (max-width: 1071px) 543px, 580px\" \/><figcaption class=\"wp-element-caption\">P\u0159ehrada Les Kr\u00e1lovstv\u00ed &#8211; \u0160oup\u00e1tkov\u00e1 v\u011b\u017e<\/figcaption><\/figure>\n\n\n\n<figure class=\"wp-block-image size-large is-style-default\"><img loading=\"lazy\" decoding=\"async\" width=\"1024\" height=\"518\" data-id=\"90\" src=\"https:\/\/www.uzebry.cz\/wp-content\/uploads\/2023\/07\/prehrada-1-1024x518.jpg\" alt=\"\" class=\"wp-image-90\" srcset=\"https:\/\/www.uzebry.cz\/wp-content\/uploads\/2023\/07\/prehrada-1-1024x518.jpg 1024w, https:\/\/www.uzebry.cz\/wp-content\/uploads\/2023\/07\/prehrada-1-300x152.jpg 300w, https:\/\/www.uzebry.cz\/wp-content\/uploads\/2023\/07\/prehrada-1-768x389.jpg 768w, https:\/\/www.uzebry.cz\/wp-content\/uploads\/2023\/07\/prehrada-1-1536x777.jpg 1536w, https:\/\/www.uzebry.cz\/wp-content\/uploads\/2023\/07\/prehrada-1-2048x1036.jpg 2048w\" sizes=\"auto, (max-width: 767px) 89vw, (max-width: 1000px) 54vw, (max-width: 1071px) 543px, 580px\" \/><figcaption class=\"wp-element-caption\">P\u0159ehrada Les Kr\u00e1lovstv\u00ed<\/figcaption><\/figure>\n\n\n\n<figure class=\"wp-block-image size-large\"><img loading=\"lazy\" decoding=\"async\" width=\"768\" height=\"1024\" data-id=\"69\" src=\"https:\/\/www.uzebry.cz\/wp-content\/uploads\/2023\/05\/IMG_20211221_125331-768x1024.jpg\" alt=\"\" class=\"wp-image-69\" srcset=\"https:\/\/www.uzebry.cz\/wp-content\/uploads\/2023\/05\/IMG_20211221_125331-768x1024.jpg 768w, https:\/\/www.uzebry.cz\/wp-content\/uploads\/2023\/05\/IMG_20211221_125331-225x300.jpg 225w, https:\/\/www.uzebry.cz\/wp-content\/uploads\/2023\/05\/IMG_20211221_125331-1152x1536.jpg 1152w, https:\/\/www.uzebry.cz\/wp-content\/uploads\/2023\/05\/IMG_20211221_125331-1536x2048.jpg 1536w, https:\/\/www.uzebry.cz\/wp-content\/uploads\/2023\/05\/IMG_20211221_125331-scaled.jpg 1920w\" sizes=\"auto, (max-width: 767px) 89vw, (max-width: 1000px) 54vw, (max-width: 1071px) 543px, 580px\" \/><figcaption class=\"wp-element-caption\">Betl\u00e9m u Kuksu &#8211; Poustevn\u00edk Garinus<\/figcaption><\/figure>\n\n\n\n<figure class=\"wp-block-image size-large\"><img loading=\"lazy\" decoding=\"async\" width=\"768\" height=\"1024\" data-id=\"68\" src=\"https:\/\/www.uzebry.cz\/wp-content\/uploads\/2023\/05\/IMG_20211221_124802-768x1024.jpg\" alt=\"\" class=\"wp-image-68\" srcset=\"https:\/\/www.uzebry.cz\/wp-content\/uploads\/2023\/05\/IMG_20211221_124802-768x1024.jpg 768w, https:\/\/www.uzebry.cz\/wp-content\/uploads\/2023\/05\/IMG_20211221_124802-225x300.jpg 225w, https:\/\/www.uzebry.cz\/wp-content\/uploads\/2023\/05\/IMG_20211221_124802-1152x1536.jpg 1152w, https:\/\/www.uzebry.cz\/wp-content\/uploads\/2023\/05\/IMG_20211221_124802-1536x2048.jpg 1536w, https:\/\/www.uzebry.cz\/wp-content\/uploads\/2023\/05\/IMG_20211221_124802-scaled.jpg 1920w\" sizes=\"auto, (max-width: 767px) 89vw, (max-width: 1000px) 54vw, (max-width: 1071px) 543px, 580px\" \/><figcaption class=\"wp-element-caption\">Betl\u00e9m u Kuksu &#8211; Klan\u011bn\u00ed past\u00fd\u0159\u016f<\/figcaption><\/figure>\n\n\n\n<figure class=\"wp-block-image size-large\"><img loading=\"lazy\" decoding=\"async\" width=\"1024\" height=\"768\" data-id=\"66\" src=\"https:\/\/www.uzebry.cz\/wp-content\/uploads\/2023\/05\/IMG_20211221_122513-1024x768.jpg\" alt=\"\" class=\"wp-image-66\" srcset=\"https:\/\/www.uzebry.cz\/wp-content\/uploads\/2023\/05\/IMG_20211221_122513-1024x768.jpg 1024w, https:\/\/www.uzebry.cz\/wp-content\/uploads\/2023\/05\/IMG_20211221_122513-300x225.jpg 300w, https:\/\/www.uzebry.cz\/wp-content\/uploads\/2023\/05\/IMG_20211221_122513-768x576.jpg 768w, https:\/\/www.uzebry.cz\/wp-content\/uploads\/2023\/05\/IMG_20211221_122513-1536x1152.jpg 1536w, https:\/\/www.uzebry.cz\/wp-content\/uploads\/2023\/05\/IMG_20211221_122513-2048x1536.jpg 2048w\" sizes=\"auto, (max-width: 767px) 89vw, (max-width: 1000px) 54vw, (max-width: 1071px) 543px, 580px\" \/><figcaption class=\"wp-element-caption\">Betl\u00e9m u Kuksu &#8211; P\u0159\u00edchod T\u0159\u00ed Kr\u00e1l\u016f <\/figcaption><\/figure>\n<\/figure>\n\n\n\n<figure class=\"wp-block-gallery has-nested-images columns-default is-cropped wp-block-gallery-2 is-layout-flex wp-block-gallery-is-layout-flex\">\n<figure class=\"wp-block-image size-large\"><img loading=\"lazy\" decoding=\"async\" width=\"1024\" height=\"635\" data-id=\"87\" src=\"https:\/\/www.uzebry.cz\/wp-content\/uploads\/2023\/07\/Kuks-1024x635.jpg\" alt=\"\" class=\"wp-image-87\" srcset=\"https:\/\/www.uzebry.cz\/wp-content\/uploads\/2023\/07\/Kuks-1024x635.jpg 1024w, https:\/\/www.uzebry.cz\/wp-content\/uploads\/2023\/07\/Kuks-300x186.jpg 300w, https:\/\/www.uzebry.cz\/wp-content\/uploads\/2023\/07\/Kuks-768x476.jpg 768w, https:\/\/www.uzebry.cz\/wp-content\/uploads\/2023\/07\/Kuks-1536x953.jpg 1536w, https:\/\/www.uzebry.cz\/wp-content\/uploads\/2023\/07\/Kuks-2048x1271.jpg 2048w\" sizes=\"auto, (max-width: 767px) 89vw, (max-width: 1000px) 54vw, (max-width: 1071px) 543px, 580px\" \/><figcaption class=\"wp-element-caption\">Hospital Kuks<\/figcaption><\/figure>\n<\/figure>\n","protected":false},"excerpt":{"rendered":"<p>B\u00edl\u00e1 T\u0159eme\u0161n\u00e1 je malebn\u00e1 vesnice v bl\u00edzkosti na\u0161ich nejvy\u0161\u0161\u00edch hor. Bezprost\u0159edn\u00ed okol\u00ed je ov\u0161em tak zaj\u00edmav\u00e9, \u017ee krom\u011b horsk\u00e9 t\u00fary z\u0159ejm\u011b budete prozkoum\u00e1vat okruh pouze p\u00e1r kilometr\u016f. V podkrkono\u0161sk\u00e9 krajin\u011b naleznete ZOO Dv\u016fr Kr\u00e1lov\u00e9 nad Labem, barokn\u00ed hospital Kuks a bl\u00edzk\u00fd Betl\u00e9m, babi\u010d\u010dino \u00fadol\u00ed v Ratibo\u0159ic\u00edch, nebo pevnost Josefov. Jen chvilka ch\u016fze sta\u010d\u00ed k n\u00e1v\u0161t\u011bv\u011b &hellip; <\/p>\n<p class=\"link-more\"><a href=\"https:\/\/www.uzebry.cz\/?page_id=29\" class=\"more-link\">Pokra\u010dovat ve \u010dten\u00ed<span class=\"screen-reader-text\"> &#8222;Lokalita&#8220;<\/span><\/a><\/p>\n","protected":false},"author":1,"featured_media":0,"parent":0,"menu_order":0,"comment_status":"closed","ping_status":"closed","template":"","meta":{"footnotes":""},"class_list":["post-29","page","type-page","status-publish","hentry"],"_links":{"self":[{"href":"https:\/\/www.uzebry.cz\/index.php?rest_route=\/wp\/v2\/pages\/29","targetHints":{"allow":["GET"]}}],"collection":[{"href":"https:\/\/www.uzebry.cz\/index.php?rest_route=\/wp\/v2\/pages"}],"about":[{"href":"https:\/\/www.uzebry.cz\/index.php?rest_route=\/wp\/v2\/types\/page"}],"author":[{"embeddable":true,"href":"https:\/\/www.uzebry.cz\/index.php?rest_route=\/wp\/v2\/users\/1"}],"replies":[{"embeddable":true,"href":"https:\/\/www.uzebry.cz\/index.php?rest_route=%2Fwp%2Fv2%2Fcomments&post=29"}],"version-history":[{"count":8,"href":"https:\/\/www.uzebry.cz\/index.php?rest_route=\/wp\/v2\/pages\/29\/revisions"}],"predecessor-version":[{"id":194,"href":"https:\/\/www.uzebry.cz\/index.php?rest_route=\/wp\/v2\/pages\/29\/revisions\/194"}],"wp:attachment":[{"href":"https:\/\/www.uzebry.cz\/index.php?rest_route=%2Fwp%2Fv2%2Fmedia&parent=29"}],"curies":[{"name":"wp","href":"https:\/\/api.w.org\/{rel}","templated":true}]}}