{"id":37,"date":"2023-05-05T21:51:08","date_gmt":"2023-05-05T19:51:08","guid":{"rendered":"http:\/\/www.uzebry.cz\/?page_id=37"},"modified":"2025-04-24T20:17:26","modified_gmt":"2025-04-24T18:17:26","slug":"rezervace","status":"publish","type":"page","link":"https:\/\/www.uzebry.cz\/?page_id=37","title":{"rendered":"Rezervace"},"content":{"rendered":"\n<p>Dostupnost ubytov\u00e1n\u00ed si m\u016f\u017eete zobrazit v kalend\u00e1\u0159i um\u00edst\u011bn\u00e9m na t\u00e9to str\u00e1nce.<\/p>\n\n\n\n<p>Pokud byste se r\u00e1di ubytovali, rezervaci prove\u010fte pros\u00edm skrze str\u00e1nky <a href=\"https:\/\/www.booking.com\/hotel\/cz\/u-zebry.cs.html\" target=\"_blank\" rel=\"noreferrer noopener\">https:\/\/www.booking.com\/hotel\/cz\/u-zebry.cs.html<\/a><\/p>\n\n\n<p><script async src=\"https:\/\/badge.hotelstatic.com\/embed.js\" data-url=\"https:\/\/www.booking.com\/hotel\/cz\/u-zebry.html\" data-size=\"100\" data-position=\"inline\" data-clickable=\"true\"><\/script><\/p>\n\n\n\n<p>V rezerva\u010dn\u00edm syst\u00e9mu spole\u010dnosti Booking jsou obsa\u017eeny dal\u0161\u00ed informace, v\u010detn\u011b aktu\u00e1ln\u00edch cen. P\u0159\u00edpadn\u011b n\u00e1s kontaktujte.<\/p>\n\n\n<p><iframe loading=\"lazy\" src=\"https:\/\/calendar.google.com\/calendar\/embed?src=7660b3klthsb17e28p4ql9tlt2knt103%40import.calendar.google.com&#038;ctz=Europe%2FPrague\" style=\"border: 0\" width=\"800\" height=\"600\" frameborder=\"0\" scrolling=\"no\"><\/iframe><\/p>\n\n\n\n<p>Fakturu za pobyt vystavujeme na po\u017e\u00e1d\u00e1n\u00ed. Pokud V\u00e1m zam\u011bstnavatel p\u0159isp\u00edv\u00e1 na dovolenou a m\u00e1te speci\u00e1ln\u00ed po\u017eadavky, nen\u00ed probl\u00e9m doplnit \u00fadaje p\u0159esn\u011b podle Va\u0161ich instrukc\u00ed.  Fakturu vystavujeme obratem a odes\u00edl\u00e1me emailem nebo i po\u0161tou. <\/p>\n\n\n\n<p>Rezervovali jste si pobyt p\u0159es Booking.com? Nevad\u00ed, fakturu vystavujeme nez\u00e1visle na ubytovac\u00edm port\u00e1lu. Nejsme pl\u00e1tci DPH.<\/p>\n","protected":false},"excerpt":{"rendered":"<p>Dostupnost ubytov\u00e1n\u00ed si m\u016f\u017eete zobrazit v kalend\u00e1\u0159i um\u00edst\u011bn\u00e9m na t\u00e9to str\u00e1nce. Pokud byste se r\u00e1di ubytovali, rezervaci prove\u010fte pros\u00edm skrze str\u00e1nky https:\/\/www.booking.com\/hotel\/cz\/u-zebry.cs.html V rezerva\u010dn\u00edm syst\u00e9mu spole\u010dnosti Booking jsou obsa\u017eeny dal\u0161\u00ed informace, v\u010detn\u011b aktu\u00e1ln\u00edch cen. P\u0159\u00edpadn\u011b n\u00e1s kontaktujte. Fakturu za pobyt vystavujeme na po\u017e\u00e1d\u00e1n\u00ed. Pokud V\u00e1m zam\u011bstnavatel p\u0159isp\u00edv\u00e1 na dovolenou a m\u00e1te speci\u00e1ln\u00ed po\u017eadavky, nen\u00ed probl\u00e9m &hellip; <\/p>\n<p class=\"link-more\"><a href=\"https:\/\/www.uzebry.cz\/?page_id=37\" class=\"more-link\">Pokra\u010dovat ve \u010dten\u00ed<span class=\"screen-reader-text\"> &#8222;Rezervace&#8220;<\/span><\/a><\/p>\n","protected":false},"author":1,"featured_media":0,"parent":0,"menu_order":0,"comment_status":"closed","ping_status":"closed","template":"","meta":{"footnotes":""},"class_list":["post-37","page","type-page","status-publish","hentry"],"_links":{"self":[{"href":"https:\/\/www.uzebry.cz\/index.php?rest_route=\/wp\/v2\/pages\/37","targetHints":{"allow":["GET"]}}],"collection":[{"href":"https:\/\/www.uzebry.cz\/index.php?rest_route=\/wp\/v2\/pages"}],"about":[{"href":"https:\/\/www.uzebry.cz\/index.php?rest_route=\/wp\/v2\/types\/page"}],"author":[{"embeddable":true,"href":"https:\/\/www.uzebry.cz\/index.php?rest_route=\/wp\/v2\/users\/1"}],"replies":[{"embeddable":true,"href":"https:\/\/www.uzebry.cz\/index.php?rest_route=%2Fwp%2Fv2%2Fcomments&post=37"}],"version-history":[{"count":11,"href":"https:\/\/www.uzebry.cz\/index.php?rest_route=\/wp\/v2\/pages\/37\/revisions"}],"predecessor-version":[{"id":222,"href":"https:\/\/www.uzebry.cz\/index.php?rest_route=\/wp\/v2\/pages\/37\/revisions\/222"}],"wp:attachment":[{"href":"https:\/\/www.uzebry.cz\/index.php?rest_route=%2Fwp%2Fv2%2Fmedia&parent=37"}],"curies":[{"name":"wp","href":"https:\/\/api.w.org\/{rel}","templated":true}]}}