{"id":8,"date":"2023-05-05T21:12:01","date_gmt":"2023-05-05T19:12:01","guid":{"rendered":"http:\/\/www.uzebry.cz\/?page_id=8"},"modified":"2024-05-01T12:41:32","modified_gmt":"2024-05-01T10:41:32","slug":"domu","status":"publish","type":"page","link":"https:\/\/www.uzebry.cz\/","title":{"rendered":"V\u00edtejte!"},"content":{"rendered":"\n<p>Nab\u00edz\u00edme ubytov\u00e1n\u00ed pro jednotlivce i po\u010detn\u00e9 rodiny. N\u00e1\u0161 apartm\u00e1n je pln\u011b vybaven pro V\u00e1\u0161 p\u0159\u00edjemn\u00fd pobyt. Nach\u00e1z\u00ed se v p\u0159\u00edzem\u00ed rodinn\u00e9ho domu na okraji obce B\u00edl\u00e1 T\u0159eme\u0161n\u00e1 pobl\u00ed\u017e Safari parku ZOO Dv\u016fr Kr\u00e1lov\u00e9. K dispozici je terasa i zahr\u00e1dka.<\/p>\n","protected":false},"excerpt":{"rendered":"<p>Nab\u00edz\u00edme ubytov\u00e1n\u00ed pro jednotlivce i po\u010detn\u00e9 rodiny. N\u00e1\u0161 apartm\u00e1n je pln\u011b vybaven pro V\u00e1\u0161 p\u0159\u00edjemn\u00fd pobyt. Nach\u00e1z\u00ed se v p\u0159\u00edzem\u00ed rodinn\u00e9ho domu na okraji obce B\u00edl\u00e1 T\u0159eme\u0161n\u00e1 pobl\u00ed\u017e Safari parku ZOO Dv\u016fr Kr\u00e1lov\u00e9. K dispozici je terasa i zahr\u00e1dka.<\/p>\n","protected":false},"author":1,"featured_media":0,"parent":0,"menu_order":0,"comment_status":"closed","ping_status":"closed","template":"","meta":{"footnotes":""},"class_list":["post-8","page","type-page","status-publish","hentry"],"_links":{"self":[{"href":"https:\/\/www.uzebry.cz\/index.php?rest_route=\/wp\/v2\/pages\/8","targetHints":{"allow":["GET"]}}],"collection":[{"href":"https:\/\/www.uzebry.cz\/index.php?rest_route=\/wp\/v2\/pages"}],"about":[{"href":"https:\/\/www.uzebry.cz\/index.php?rest_route=\/wp\/v2\/types\/page"}],"author":[{"embeddable":true,"href":"https:\/\/www.uzebry.cz\/index.php?rest_route=\/wp\/v2\/users\/1"}],"replies":[{"embeddable":true,"href":"https:\/\/www.uzebry.cz\/index.php?rest_route=%2Fwp%2Fv2%2Fcomments&post=8"}],"version-history":[{"count":6,"href":"https:\/\/www.uzebry.cz\/index.php?rest_route=\/wp\/v2\/pages\/8\/revisions"}],"predecessor-version":[{"id":180,"href":"https:\/\/www.uzebry.cz\/index.php?rest_route=\/wp\/v2\/pages\/8\/revisions\/180"}],"wp:attachment":[{"href":"https:\/\/www.uzebry.cz\/index.php?rest_route=%2Fwp%2Fv2%2Fmedia&parent=8"}],"curies":[{"name":"wp","href":"https:\/\/api.w.org\/{rel}","templated":true}]}}